{"id":9,"date":"2025-04-28T14:59:18","date_gmt":"2025-04-28T14:59:18","guid":{"rendered":"https:\/\/eljardindecamas.rkinformatika.online\/wordpress\/?page_id=9"},"modified":"2025-04-30T15:07:52","modified_gmt":"2025-04-30T15:07:52","slug":"reembolso_devoluciones","status":"publish","type":"page","link":"https:\/\/eljardindecamas.com\/en\/reembolso_devoluciones\/","title":{"rendered":"Pol\u00edtica de devoluciones y reembolsos"},"content":{"rendered":"<div data-elementor-type=\"wp-page\" data-elementor-id=\"9\" class=\"elementor elementor-9\" data-elementor-post-type=\"page\">\n\t\t\t\t<div class=\"elementor-element elementor-element-46cfec66 e-flex e-con-boxed e-con e-parent\" data-id=\"46cfec66\" data-element_type=\"container\" data-e-type=\"container\">\n\t\t\t\t\t<div class=\"e-con-inner\">\n\t\t\t\t<div class=\"elementor-element elementor-element-225706e3 elementor-widget elementor-widget-text-editor\" data-id=\"225706e3\" data-element_type=\"widget\" data-e-type=\"widget\" data-widget_type=\"text-editor.default\">\n\t\t\t\t<div class=\"elementor-widget-container\">\n\t\t\t\t\t\t\t\t\t\n<p><strong>Devoluciones<\/strong><\/p>\n<p>Nuestra pol\u00edtica dura\u00a0<strong>30 d\u00edas<\/strong>. Si han pasado 30 d\u00edas desde su compra, desafortunadamente no podemos ofrecerle un reembolso o cambio.<\/p>\n<p>Para poder proceder a su devoluci\u00f3n, el art\u00edculo debe estar sin usar y en las mismas condiciones en que lo recibi\u00f3. As\u00ed como en su embalaje original.<\/p>\n<p>Los productos perecederos, como los alimentos, no podr\u00e1n devolverse, a no ser que su motivo sea responsabilidad de la empresa.\u00a0<\/p>\n<p>\u00a0<\/p>\n<p>Art\u00edculos adicionales no retornables:<\/p>\n<p>\u2013 Tarjetas de regalo<\/p>\n<p>\u00a0<\/p>\n<p><strong>Para completar su devoluci\u00f3n, requerimos un recibo o comprobante de compra.<\/strong><\/p>\n<p><strong>No env\u00ede su compra de vuelta al fabricante.<\/strong><\/p>\n<p>\u00a0<\/p>\n<p><strong>Reembolsos (si corresponde)<\/strong><\/p>\n<p>Una vez que se reciba e inspeccione su devoluci\u00f3n, le enviaremos un correo electr\u00f3nico para notificarle que hemos recibido su art\u00edculo devuelto. Tambi\u00e9n le notificaremos la aprobaci\u00f3n o rechazo de su reembolso.<\/p>\n<p>Si es aprobado, su reembolso ser\u00e1 procesado y se\u00a0abonar\u00e1 autom\u00e1ticamente al m\u00e9todo de pago original, dentro de un cierto cantidad de d\u00edas<\/p>\n<p><strong>Reembolsos tard\u00edos o faltantes (si corresponde)<\/strong><\/p>\n<p>Si a\u00fan no ha recibido un reembolso, primero verifique su cuenta bancaria.<\/p>\n<p>Luego comun\u00edquese con la compa\u00f1\u00eda de su tarjeta de cr\u00e9dito, puede pasar alg\u00fan tiempo antes de que su reembolso se publique oficialmente.<\/p>\n<p>Si ha hecho todo esto y a\u00fan no ha recibido su reembolso, cont\u00e1ctenos en<\/p>\n<div class=\"Qr7Oae\" role=\"listitem\">\n<div class=\"OxAavc NVbRL\" data-required=\"true\" data-item-id=\"995675383\">\n<div class=\"Ih4Dzb\">\n<div class=\"q4tvle JqSWld yqQS1\" tabindex=\"0\" role=\"textbox\" aria-label=\"Correo Electr\u00f3nico de contacto de la empresa (tal y como va a aparecer en el sitio web)\" aria-disabled=\"true\">eljardindecamas@gmail.com<\/div>\n<\/div>\n<\/div>\n<\/div>\n<div class=\"Qr7Oae\" role=\"listitem\">\n<div class=\"OxAavc NVbRL\" data-required=\"true\" data-item-id=\"898923616\">\n<div class=\"pYfr3c\">\n<div class=\"prOLdf\">\n<div class=\"g53bl\">\n<div class=\"cTDvob D1wxyf RjsPE\" role=\"heading\" aria-level=\"3\" aria-describedby=\"i.desc.898923616 c83\">\u00a0<\/div>\n<\/div>\n<\/div>\n<\/div>\n<\/div>\n<\/div>\n<p><strong>Art\u00edculos en oferta (si corresponde)<\/strong><\/p>\n<p>Solo se pueden reembolsar los art\u00edculos a precio regular, desafortunadamente los art\u00edculos en oferta no se pueden reembolsar.<\/p>\n<p><strong>Intercambios (si corresponde)<\/strong><\/p>\n<p>Solo reemplazamos los art\u00edculos si est\u00e1n defectuosos o da\u00f1ados (Por error de la empresa). Si necesita cambiarlo por el mismo art\u00edculo, env\u00edenos un correo electr\u00f3nico a<\/p>\n<div class=\"Qr7Oae\" role=\"listitem\">\n<div class=\"OxAavc NVbRL\" data-required=\"true\" data-item-id=\"995675383\">\n<div class=\"Ih4Dzb\">\n<div class=\"q4tvle JqSWld yqQS1\" tabindex=\"0\" role=\"textbox\" aria-label=\"Correo Electr\u00f3nico de contacto de la empresa (tal y como va a aparecer en el sitio web)\" aria-disabled=\"true\">eljardindecamas@gmail.com<\/div>\n<\/div>\n<\/div>\n<\/div>\n<p>y env\u00ede su art\u00edculo a:<\/p>\n<div class=\"Qr7Oae\" role=\"listitem\">\n<div class=\"OxAavc NVbRL\" data-required=\"true\" data-item-id=\"1255501881\">\n<div class=\"Ih4Dzb\">\n<div class=\"q4tvle JqSWld yqQS1\" tabindex=\"0\" role=\"textbox\" aria-label=\"Direcci\u00f3n de la empresa (tal y como va a aparecer en el sitio web)\" aria-disabled=\"true\">C\/ Santa Mar\u00eda de Gracia, 22 41.900 CAMAS (Sevilla)<\/div>\n<\/div>\n<\/div>\n<\/div>\n<div class=\"Qr7Oae\" role=\"listitem\">\n<div class=\"OxAavc NVbRL\" data-required=\"true\" data-item-id=\"995675383\">\n<div class=\"pYfr3c\">\n<div class=\"prOLdf\">\n<div class=\"g53bl\">\n<div class=\"cTDvob D1wxyf RjsPE\" role=\"heading\" aria-level=\"3\" aria-describedby=\"i.desc.995675383 c80\">\u00a0<\/div>\n<\/div>\n<\/div>\n<\/div>\n<\/div>\n<\/div>\n<p><strong>Env\u00edo<\/strong><\/p>\n<p>Para devolver su producto, debe enviarlo por correo a:<\/p>\n<div class=\"Qr7Oae\" role=\"listitem\">\n<div class=\"OxAavc NVbRL\" data-required=\"true\" data-item-id=\"1255501881\">\n<div class=\"Ih4Dzb\">\n<div class=\"q4tvle JqSWld yqQS1\" tabindex=\"0\" role=\"textbox\" aria-label=\"Direcci\u00f3n de la empresa (tal y como va a aparecer en el sitio web)\" aria-disabled=\"true\">C\/ Santa Mar\u00eda de Gracia, 22 41.900 CAMAS (Sevilla)<\/div>\n<\/div>\n<\/div>\n<\/div>\n<div class=\"Qr7Oae\" role=\"listitem\">\n<div class=\"OxAavc NVbRL\" data-required=\"true\" data-item-id=\"995675383\">\n<div class=\"pYfr3c\">\n<div class=\"prOLdf\">\n<div class=\"g53bl\">\n<div class=\"cTDvob D1wxyf RjsPE\" role=\"heading\" aria-level=\"3\" aria-describedby=\"i.desc.995675383 c80\">\u00a0<\/div>\n<\/div>\n<\/div>\n<\/div>\n<\/div>\n<\/div>\n<p>Usted ser\u00e1 responsable de pagar sus propios costos de env\u00edo para devolver su art\u00edculo. Los gastos de env\u00edo no son reembolsables. Si recibe un reembolso, el costo del env\u00edo de devoluci\u00f3n se deducir\u00e1 de su reembolso.<\/p>\n<p>Dependiendo de d\u00f3nde viva, el tiempo de entrega puede variar.<\/p>\n\t\t\t\t\t\t\t\t<\/div>\n\t\t\t\t<\/div>\n\t\t\t\t\t<\/div>\n\t\t\t\t<\/div>\n\t\t\t\t<\/div>","protected":false},"excerpt":{"rendered":"<p>Devoluciones Nuestra pol\u00edtica dura\u00a030 d\u00edas. Si han pasado 30 d\u00edas desde su compra, desafortunadamente no podemos ofrecerle un reembolso o cambio. Para poder proceder a su devoluci\u00f3n, el art\u00edculo debe estar sin usar y en las mismas condiciones en que lo recibi\u00f3. As\u00ed como en su embalaje original. Los productos perecederos, como los alimentos, no [&hellip;]<\/p>\n","protected":false},"author":2,"featured_media":0,"parent":0,"menu_order":0,"comment_status":"closed","ping_status":"closed","template":"","meta":{"footnotes":""},"class_list":["post-9","page","type-page","status-publish","hentry"],"yoast_head":"<!-- This site is optimized with the Yoast SEO plugin v27.5 - https:\/\/yoast.com\/product\/yoast-seo-wordpress\/ -->\n<title>Pol\u00edtica de devoluciones y reembolsos - El Jardin de Camas<\/title>\n<meta name=\"robots\" content=\"index, follow, max-snippet:-1, max-image-preview:large, max-video-preview:-1\" \/>\n<link rel=\"canonical\" href=\"https:\/\/eljardindecamas.com\/en\/reembolso_devoluciones\/\" \/>\n<meta property=\"og:locale\" content=\"en_US\" \/>\n<meta property=\"og:type\" content=\"article\" \/>\n<meta property=\"og:title\" content=\"Pol\u00edtica de devoluciones y reembolsos - El Jardin de Camas\" \/>\n<meta property=\"og:description\" content=\"Devoluciones Nuestra pol\u00edtica dura\u00a030 d\u00edas. Si han pasado 30 d\u00edas desde su compra, desafortunadamente no podemos ofrecerle un reembolso o cambio. Para poder proceder a su devoluci\u00f3n, el art\u00edculo debe estar sin usar y en las mismas condiciones en que lo recibi\u00f3. As\u00ed como en su embalaje original. Los productos perecederos, como los alimentos, no [&hellip;]\" \/>\n<meta property=\"og:url\" content=\"https:\/\/eljardindecamas.com\/en\/reembolso_devoluciones\/\" \/>\n<meta property=\"og:site_name\" content=\"El Jardin de Camas\" \/>\n<meta property=\"article:modified_time\" content=\"2025-04-30T15:07:52+00:00\" \/>\n<meta name=\"twitter:card\" content=\"summary_large_image\" \/>\n<meta name=\"twitter:label1\" content=\"Est. reading time\" \/>\n\t<meta name=\"twitter:data1\" content=\"2 minutes\" \/>\n<script type=\"application\/ld+json\" class=\"yoast-schema-graph\">{\"@context\":\"https:\\\/\\\/schema.org\",\"@graph\":[{\"@type\":\"WebPage\",\"@id\":\"https:\\\/\\\/eljardindecamas.com\\\/reembolso_devoluciones\\\/\",\"url\":\"https:\\\/\\\/eljardindecamas.com\\\/reembolso_devoluciones\\\/\",\"name\":\"Pol\u00edtica de devoluciones y reembolsos - El Jardin de Camas\",\"isPartOf\":{\"@id\":\"https:\\\/\\\/eljardindecamas.com\\\/#website\"},\"datePublished\":\"2025-04-28T14:59:18+00:00\",\"dateModified\":\"2025-04-30T15:07:52+00:00\",\"breadcrumb\":{\"@id\":\"https:\\\/\\\/eljardindecamas.com\\\/reembolso_devoluciones\\\/#breadcrumb\"},\"inLanguage\":\"en-US\",\"potentialAction\":[{\"@type\":\"ReadAction\",\"target\":[\"https:\\\/\\\/eljardindecamas.com\\\/reembolso_devoluciones\\\/\"]}]},{\"@type\":\"BreadcrumbList\",\"@id\":\"https:\\\/\\\/eljardindecamas.com\\\/reembolso_devoluciones\\\/#breadcrumb\",\"itemListElement\":[{\"@type\":\"ListItem\",\"position\":1,\"name\":\"Portada\",\"item\":\"https:\\\/\\\/eljardindecamas.com\\\/\"},{\"@type\":\"ListItem\",\"position\":2,\"name\":\"Pol\u00edtica de devoluciones y reembolsos\"}]},{\"@type\":\"WebSite\",\"@id\":\"https:\\\/\\\/eljardindecamas.com\\\/#website\",\"url\":\"https:\\\/\\\/eljardindecamas.com\\\/\",\"name\":\"El Jardin de Camas\",\"description\":\"Decoraci\u00f3n floral \",\"publisher\":{\"@id\":\"https:\\\/\\\/eljardindecamas.com\\\/#organization\"},\"potentialAction\":[{\"@type\":\"SearchAction\",\"target\":{\"@type\":\"EntryPoint\",\"urlTemplate\":\"https:\\\/\\\/eljardindecamas.com\\\/?s={search_term_string}\"},\"query-input\":{\"@type\":\"PropertyValueSpecification\",\"valueRequired\":true,\"valueName\":\"search_term_string\"}}],\"inLanguage\":\"en-US\"},{\"@type\":\"Organization\",\"@id\":\"https:\\\/\\\/eljardindecamas.com\\\/#organization\",\"name\":\"El Jardin de Camas\",\"url\":\"https:\\\/\\\/eljardindecamas.com\\\/\",\"logo\":{\"@type\":\"ImageObject\",\"inLanguage\":\"en-US\",\"@id\":\"https:\\\/\\\/eljardindecamas.com\\\/#\\\/schema\\\/logo\\\/image\\\/\",\"url\":\"https:\\\/\\\/eljardindecamas.com\\\/wp-content\\\/uploads\\\/2025\\\/04\\\/cropped-Diseno-sin-titulo.png\",\"contentUrl\":\"https:\\\/\\\/eljardindecamas.com\\\/wp-content\\\/uploads\\\/2025\\\/04\\\/cropped-Diseno-sin-titulo.png\",\"width\":500,\"height\":143,\"caption\":\"El Jardin de Camas\"},\"image\":{\"@id\":\"https:\\\/\\\/eljardindecamas.com\\\/#\\\/schema\\\/logo\\\/image\\\/\"}}]}<\/script>\n<!-- \/ Yoast SEO plugin. -->","yoast_head_json":{"title":"Pol\u00edtica de devoluciones y reembolsos - El Jardin de Camas","robots":{"index":"index","follow":"follow","max-snippet":"max-snippet:-1","max-image-preview":"max-image-preview:large","max-video-preview":"max-video-preview:-1"},"canonical":"https:\/\/eljardindecamas.com\/en\/reembolso_devoluciones\/","og_locale":"en_US","og_type":"article","og_title":"Pol\u00edtica de devoluciones y reembolsos - El Jardin de Camas","og_description":"Devoluciones Nuestra pol\u00edtica dura\u00a030 d\u00edas. Si han pasado 30 d\u00edas desde su compra, desafortunadamente no podemos ofrecerle un reembolso o cambio. Para poder proceder a su devoluci\u00f3n, el art\u00edculo debe estar sin usar y en las mismas condiciones en que lo recibi\u00f3. As\u00ed como en su embalaje original. Los productos perecederos, como los alimentos, no [&hellip;]","og_url":"https:\/\/eljardindecamas.com\/en\/reembolso_devoluciones\/","og_site_name":"El Jardin de Camas","article_modified_time":"2025-04-30T15:07:52+00:00","twitter_card":"summary_large_image","twitter_misc":{"Est. reading time":"2 minutes"},"schema":{"@context":"https:\/\/schema.org","@graph":[{"@type":"WebPage","@id":"https:\/\/eljardindecamas.com\/reembolso_devoluciones\/","url":"https:\/\/eljardindecamas.com\/reembolso_devoluciones\/","name":"Pol\u00edtica de devoluciones y reembolsos - El Jardin de Camas","isPartOf":{"@id":"https:\/\/eljardindecamas.com\/#website"},"datePublished":"2025-04-28T14:59:18+00:00","dateModified":"2025-04-30T15:07:52+00:00","breadcrumb":{"@id":"https:\/\/eljardindecamas.com\/reembolso_devoluciones\/#breadcrumb"},"inLanguage":"en-US","potentialAction":[{"@type":"ReadAction","target":["https:\/\/eljardindecamas.com\/reembolso_devoluciones\/"]}]},{"@type":"BreadcrumbList","@id":"https:\/\/eljardindecamas.com\/reembolso_devoluciones\/#breadcrumb","itemListElement":[{"@type":"ListItem","position":1,"name":"Portada","item":"https:\/\/eljardindecamas.com\/"},{"@type":"ListItem","position":2,"name":"Pol\u00edtica de devoluciones y reembolsos"}]},{"@type":"WebSite","@id":"https:\/\/eljardindecamas.com\/#website","url":"https:\/\/eljardindecamas.com\/","name":"El Jardin de Camas","description":"Decoraci\u00f3n floral","publisher":{"@id":"https:\/\/eljardindecamas.com\/#organization"},"potentialAction":[{"@type":"SearchAction","target":{"@type":"EntryPoint","urlTemplate":"https:\/\/eljardindecamas.com\/?s={search_term_string}"},"query-input":{"@type":"PropertyValueSpecification","valueRequired":true,"valueName":"search_term_string"}}],"inLanguage":"en-US"},{"@type":"Organization","@id":"https:\/\/eljardindecamas.com\/#organization","name":"El Jardin de Camas","url":"https:\/\/eljardindecamas.com\/","logo":{"@type":"ImageObject","inLanguage":"en-US","@id":"https:\/\/eljardindecamas.com\/#\/schema\/logo\/image\/","url":"https:\/\/eljardindecamas.com\/wp-content\/uploads\/2025\/04\/cropped-Diseno-sin-titulo.png","contentUrl":"https:\/\/eljardindecamas.com\/wp-content\/uploads\/2025\/04\/cropped-Diseno-sin-titulo.png","width":500,"height":143,"caption":"El Jardin de Camas"},"image":{"@id":"https:\/\/eljardindecamas.com\/#\/schema\/logo\/image\/"}}]}},"jetpack_sharing_enabled":true,"_links":{"self":[{"href":"https:\/\/eljardindecamas.com\/en\/wp-json\/wp\/v2\/pages\/9","targetHints":{"allow":["GET"]}}],"collection":[{"href":"https:\/\/eljardindecamas.com\/en\/wp-json\/wp\/v2\/pages"}],"about":[{"href":"https:\/\/eljardindecamas.com\/en\/wp-json\/wp\/v2\/types\/page"}],"author":[{"embeddable":true,"href":"https:\/\/eljardindecamas.com\/en\/wp-json\/wp\/v2\/users\/2"}],"replies":[{"embeddable":true,"href":"https:\/\/eljardindecamas.com\/en\/wp-json\/wp\/v2\/comments?post=9"}],"version-history":[{"count":4,"href":"https:\/\/eljardindecamas.com\/en\/wp-json\/wp\/v2\/pages\/9\/revisions"}],"predecessor-version":[{"id":332,"href":"https:\/\/eljardindecamas.com\/en\/wp-json\/wp\/v2\/pages\/9\/revisions\/332"}],"wp:attachment":[{"href":"https:\/\/eljardindecamas.com\/en\/wp-json\/wp\/v2\/media?parent=9"}],"curies":[{"name":"wp","href":"https:\/\/api.w.org\/{rel}","templated":true}]}}