{"id":19,"date":"2025-04-23T10:21:31","date_gmt":"2025-04-23T10:21:31","guid":{"rendered":"https:\/\/eljardindecamas.rkinformatika.online\/wordpress\/?page_id=19"},"modified":"2025-05-07T13:54:59","modified_gmt":"2025-05-07T13:54:59","slug":"inicio","status":"publish","type":"page","link":"https:\/\/eljardindecamas.com\/en\/","title":{"rendered":"Inicio"},"content":{"rendered":"<div data-elementor-type=\"wp-page\" data-elementor-id=\"19\" class=\"elementor elementor-19\" data-elementor-post-type=\"page\">\n\t\t\t\t<div class=\"elementor-element elementor-element-38f8903 e-flex e-con-boxed e-con e-parent\" data-id=\"38f8903\" data-element_type=\"container\" data-e-type=\"container\" data-settings=\"{&quot;background_background&quot;:&quot;classic&quot;}\">\n\t\t\t\t\t<div class=\"e-con-inner\">\n\t\t\t\t\t<\/div>\n\t\t\t\t<\/div>\n\t\t<div class=\"elementor-element elementor-element-83826c7 e-flex e-con-boxed e-con e-parent\" data-id=\"83826c7\" data-element_type=\"container\" data-e-type=\"container\">\n\t\t\t\t\t<div class=\"e-con-inner\">\n\t\t<div class=\"elementor-element elementor-element-c7f01d4 e-con-full e-flex e-con e-child\" data-id=\"c7f01d4\" data-element_type=\"container\" data-e-type=\"container\">\n\t\t\t\t<div class=\"elementor-element elementor-element-59ca59c elementor-widget elementor-widget-heading\" data-id=\"59ca59c\" data-element_type=\"widget\" data-e-type=\"widget\" data-widget_type=\"heading.default\">\n\t\t\t\t<div class=\"elementor-widget-container\">\n\t\t\t\t\t<h2 class=\"elementor-heading-title elementor-size-default\">Qui\u00e9nes Somos<\/h2>\t\t\t\t<\/div>\n\t\t\t\t<\/div>\n\t\t\t\t<div class=\"elementor-element elementor-element-c1afa41 elementor-widget elementor-widget-text-editor\" data-id=\"c1afa41\" data-element_type=\"widget\" data-e-type=\"widget\" data-widget_type=\"text-editor.default\">\n\t\t\t\t<div class=\"elementor-widget-container\">\n\t\t\t\t\t\t\t\t\t<p class=\"\" data-start=\"125\" data-end=\"487\">Desde su fundaci\u00f3n en 1987, nuestra florister\u00eda ha estado al servicio de quienes buscan expresar sentimientos a trav\u00e9s del lenguaje sutil y elegante de las flores.<\/p><p class=\"\" data-start=\"125\" data-end=\"487\">Con una trayectoria de m\u00e1s de tres d\u00e9cadas, nos hemos consolidado como referentes en el arte del exorno floral, ofreciendo composiciones para ocasiones que exigen sensibilidad, respeto y distinci\u00f3n.<\/p><p class=\"\" data-start=\"489\" data-end=\"940\">Especializados en el dise\u00f1o floral para ceremonias religiosas, despedidas f\u00fanebres, enlaces matrimoniales y actos solemnes, realizamos cada trabajo con esmero, profesionalidad y un profundo sentido est\u00e9tico. Elaboramos arreglos con flores naturales para regalo, coronas, centros y ramos para difuntos, as\u00ed como exornos completos para novias, Iglesias y salones. Adem\u00e1s, disponemos de una cuidada selecci\u00f3n de flores de tela para ocasiones espec\u00edficas.<\/p><p class=\"\" data-start=\"942\" data-end=\"1039\">Nuestra misi\u00f3n es honrar cada momento con flores que transmitan belleza, serenidad y significado.<\/p>\t\t\t\t\t\t\t\t<\/div>\n\t\t\t\t<\/div>\n\t\t\t\t<\/div>\n\t\t<div class=\"elementor-element elementor-element-07413c8 e-con-full e-flex e-con e-child\" data-id=\"07413c8\" data-element_type=\"container\" data-e-type=\"container\">\n\t\t\t\t<div class=\"elementor-element elementor-element-af1df84 elementor-widget elementor-widget-image\" data-id=\"af1df84\" data-element_type=\"widget\" data-e-type=\"widget\" data-widget_type=\"image.default\">\n\t\t\t\t<div class=\"elementor-widget-container\">\n\t\t\t\t\t\t\t\t\t\t\t\t\t\t\t<img fetchpriority=\"high\" decoding=\"async\" width=\"2000\" height=\"1639\" src=\"https:\/\/eljardindecamas.com\/wp-content\/uploads\/2025\/05\/beautiful-luxury-bouquet-of-flowers.jpg\" class=\"attachment-full size-full wp-image-495\" alt=\"Beautiful luxury bouquet of flowers\" srcset=\"https:\/\/eljardindecamas.com\/wp-content\/uploads\/2025\/05\/beautiful-luxury-bouquet-of-flowers.jpg 2000w, https:\/\/eljardindecamas.com\/wp-content\/uploads\/2025\/05\/beautiful-luxury-bouquet-of-flowers-300x246.jpg 300w, https:\/\/eljardindecamas.com\/wp-content\/uploads\/2025\/05\/beautiful-luxury-bouquet-of-flowers-1024x839.jpg 1024w, https:\/\/eljardindecamas.com\/wp-content\/uploads\/2025\/05\/beautiful-luxury-bouquet-of-flowers-768x629.jpg 768w, https:\/\/eljardindecamas.com\/wp-content\/uploads\/2025\/05\/beautiful-luxury-bouquet-of-flowers-1536x1259.jpg 1536w, https:\/\/eljardindecamas.com\/wp-content\/uploads\/2025\/05\/beautiful-luxury-bouquet-of-flowers-15x12.jpg 15w, https:\/\/eljardindecamas.com\/wp-content\/uploads\/2025\/05\/beautiful-luxury-bouquet-of-flowers-600x492.jpg 600w\" sizes=\"(max-width: 2000px) 100vw, 2000px\" \/>\t\t\t\t\t\t\t\t\t\t\t\t\t\t\t<\/div>\n\t\t\t\t<\/div>\n\t\t\t\t<\/div>\n\t\t\t\t\t<\/div>\n\t\t\t\t<\/div>\n\t\t<div class=\"elementor-element elementor-element-f7d3fa2 e-flex e-con-boxed e-con e-parent\" data-id=\"f7d3fa2\" data-element_type=\"container\" data-e-type=\"container\">\n\t\t\t\t\t<div class=\"e-con-inner\">\n\t\t\t\t<div class=\"elementor-element elementor-element-99127ed elementor-widget elementor-widget-heading\" data-id=\"99127ed\" data-element_type=\"widget\" data-e-type=\"widget\" data-widget_type=\"heading.default\">\n\t\t\t\t<div class=\"elementor-widget-container\">\n\t\t\t\t\t<h2 class=\"elementor-heading-title elementor-size-default\">Flores y Detalles para cada Ocasi\u00f3n<\/h2>\t\t\t\t<\/div>\n\t\t\t\t<\/div>\n\t\t\t\t\t<\/div>\n\t\t\t\t<\/div>\n\t\t<div class=\"elementor-element elementor-element-466368c e-flex e-con-boxed e-con e-parent\" data-id=\"466368c\" data-element_type=\"container\" data-e-type=\"container\">\n\t\t\t\t\t<div class=\"e-con-inner\">\n\t\t<div class=\"elementor-element elementor-element-0433151 e-con-full e-flex e-con e-child\" data-id=\"0433151\" data-element_type=\"container\" data-e-type=\"container\">\n\t\t\t\t<div class=\"elementor-element elementor-element-cf4bcde elementor-position-top elementor-invisible elementor-widget elementor-widget-image-box\" data-id=\"cf4bcde\" data-element_type=\"widget\" data-e-type=\"widget\" data-settings=\"{&quot;_animation&quot;:&quot;slideInDown&quot;}\" data-widget_type=\"image-box.default\">\n\t\t\t\t<div class=\"elementor-widget-container\">\n\t\t\t\t\t<div class=\"elementor-image-box-wrapper\"><figure class=\"elementor-image-box-img\"><img decoding=\"async\" width=\"2000\" height=\"1335\" src=\"https:\/\/eljardindecamas.com\/wp-content\/uploads\/2025\/05\/elegant-wedding-bouquet-of-fresh-natural-flowers.jpg\" class=\"attachment-full size-full wp-image-501\" alt=\"elegant wedding bouquet of fresh natural flowers\" srcset=\"https:\/\/eljardindecamas.com\/wp-content\/uploads\/2025\/05\/elegant-wedding-bouquet-of-fresh-natural-flowers.jpg 2000w, https:\/\/eljardindecamas.com\/wp-content\/uploads\/2025\/05\/elegant-wedding-bouquet-of-fresh-natural-flowers-300x200.jpg 300w, https:\/\/eljardindecamas.com\/wp-content\/uploads\/2025\/05\/elegant-wedding-bouquet-of-fresh-natural-flowers-1024x684.jpg 1024w, https:\/\/eljardindecamas.com\/wp-content\/uploads\/2025\/05\/elegant-wedding-bouquet-of-fresh-natural-flowers-768x513.jpg 768w, https:\/\/eljardindecamas.com\/wp-content\/uploads\/2025\/05\/elegant-wedding-bouquet-of-fresh-natural-flowers-1536x1025.jpg 1536w, https:\/\/eljardindecamas.com\/wp-content\/uploads\/2025\/05\/elegant-wedding-bouquet-of-fresh-natural-flowers-18x12.jpg 18w, https:\/\/eljardindecamas.com\/wp-content\/uploads\/2025\/05\/elegant-wedding-bouquet-of-fresh-natural-flowers-600x401.jpg 600w\" sizes=\"(max-width: 2000px) 100vw, 2000px\" \/><\/figure><div class=\"elementor-image-box-content\"><p class=\"elementor-image-box-description\"> Flores naturales para regalo<\/p><\/div><\/div>\t\t\t\t<\/div>\n\t\t\t\t<\/div>\n\t\t\t\t<\/div>\n\t\t<div class=\"elementor-element elementor-element-1d4b72b e-con-full e-flex e-con e-child\" data-id=\"1d4b72b\" data-element_type=\"container\" data-e-type=\"container\">\n\t\t\t\t<div class=\"elementor-element elementor-element-7754314 elementor-position-top elementor-invisible elementor-widget elementor-widget-image-box\" data-id=\"7754314\" data-element_type=\"widget\" data-e-type=\"widget\" data-settings=\"{&quot;_animation&quot;:&quot;slideInUp&quot;}\" data-widget_type=\"image-box.default\">\n\t\t\t\t<div class=\"elementor-widget-container\">\n\t\t\t\t\t<div class=\"elementor-image-box-wrapper\"><figure class=\"elementor-image-box-img\"><img decoding=\"async\" width=\"2000\" height=\"1333\" src=\"https:\/\/eljardindecamas.com\/wp-content\/uploads\/2025\/05\/burial-service-in-church.jpg\" class=\"attachment-full size-full wp-image-503\" alt=\"Burial Service in Church\" srcset=\"https:\/\/eljardindecamas.com\/wp-content\/uploads\/2025\/05\/burial-service-in-church.jpg 2000w, https:\/\/eljardindecamas.com\/wp-content\/uploads\/2025\/05\/burial-service-in-church-300x200.jpg 300w, https:\/\/eljardindecamas.com\/wp-content\/uploads\/2025\/05\/burial-service-in-church-1024x682.jpg 1024w, https:\/\/eljardindecamas.com\/wp-content\/uploads\/2025\/05\/burial-service-in-church-768x512.jpg 768w, https:\/\/eljardindecamas.com\/wp-content\/uploads\/2025\/05\/burial-service-in-church-1536x1024.jpg 1536w, https:\/\/eljardindecamas.com\/wp-content\/uploads\/2025\/05\/burial-service-in-church-18x12.jpg 18w, https:\/\/eljardindecamas.com\/wp-content\/uploads\/2025\/05\/burial-service-in-church-600x400.jpg 600w\" sizes=\"(max-width: 2000px) 100vw, 2000px\" \/><\/figure><div class=\"elementor-image-box-content\"><p class=\"elementor-image-box-description\">Flores para difuntos\n(coronas, centros, ramos, etc.)\n<\/p><\/div><\/div>\t\t\t\t<\/div>\n\t\t\t\t<\/div>\n\t\t\t\t<\/div>\n\t\t<div class=\"elementor-element elementor-element-2aaa986 e-con-full e-flex e-con e-child\" data-id=\"2aaa986\" data-element_type=\"container\" data-e-type=\"container\">\n\t\t\t\t<div class=\"elementor-element elementor-element-a37bb6b elementor-position-top elementor-invisible elementor-widget elementor-widget-image-box\" data-id=\"a37bb6b\" data-element_type=\"widget\" data-e-type=\"widget\" data-settings=\"{&quot;_animation&quot;:&quot;slideInDown&quot;}\" data-widget_type=\"image-box.default\">\n\t\t\t\t<div class=\"elementor-widget-container\">\n\t\t\t\t\t<div class=\"elementor-image-box-wrapper\"><figure class=\"elementor-image-box-img\"><img loading=\"lazy\" decoding=\"async\" width=\"2000\" height=\"1335\" src=\"https:\/\/eljardindecamas.com\/wp-content\/uploads\/2025\/05\/lavender-wedding-bouquet-of-fresh-natural-flowers.jpg\" class=\"attachment-full size-full wp-image-504\" alt=\"lavender wedding bouquet of fresh natural flowers\" srcset=\"https:\/\/eljardindecamas.com\/wp-content\/uploads\/2025\/05\/lavender-wedding-bouquet-of-fresh-natural-flowers.jpg 2000w, https:\/\/eljardindecamas.com\/wp-content\/uploads\/2025\/05\/lavender-wedding-bouquet-of-fresh-natural-flowers-300x200.jpg 300w, https:\/\/eljardindecamas.com\/wp-content\/uploads\/2025\/05\/lavender-wedding-bouquet-of-fresh-natural-flowers-1024x684.jpg 1024w, https:\/\/eljardindecamas.com\/wp-content\/uploads\/2025\/05\/lavender-wedding-bouquet-of-fresh-natural-flowers-768x513.jpg 768w, https:\/\/eljardindecamas.com\/wp-content\/uploads\/2025\/05\/lavender-wedding-bouquet-of-fresh-natural-flowers-1536x1025.jpg 1536w, https:\/\/eljardindecamas.com\/wp-content\/uploads\/2025\/05\/lavender-wedding-bouquet-of-fresh-natural-flowers-18x12.jpg 18w, https:\/\/eljardindecamas.com\/wp-content\/uploads\/2025\/05\/lavender-wedding-bouquet-of-fresh-natural-flowers-600x401.jpg 600w\" sizes=\"(max-width: 2000px) 100vw, 2000px\" \/><\/figure><div class=\"elementor-image-box-content\"><p class=\"elementor-image-box-description\">Exornos para Novias<br>(Ramos, Iglesia, Sal\u00f3n, etc.)\n<\/p><\/div><\/div>\t\t\t\t<\/div>\n\t\t\t\t<\/div>\n\t\t\t\t<\/div>\n\t\t<div class=\"elementor-element elementor-element-c55af7e e-con-full e-flex e-con e-child\" data-id=\"c55af7e\" data-element_type=\"container\" data-e-type=\"container\">\n\t\t\t\t<div class=\"elementor-element elementor-element-8bb3fc7 elementor-position-top elementor-invisible elementor-widget elementor-widget-image-box\" data-id=\"8bb3fc7\" data-element_type=\"widget\" data-e-type=\"widget\" data-settings=\"{&quot;_animation&quot;:&quot;slideInUp&quot;}\" data-widget_type=\"image-box.default\">\n\t\t\t\t<div class=\"elementor-widget-container\">\n\t\t\t\t\t<div class=\"elementor-image-box-wrapper\"><figure class=\"elementor-image-box-img\"><img loading=\"lazy\" decoding=\"async\" width=\"2000\" height=\"1333\" src=\"https:\/\/eljardindecamas.com\/wp-content\/uploads\/2025\/05\/sunset-wedding-ceremony-arch-with-flower-decoration-and-blue-cloth-canopy-hanging-on-big-tree.jpg\" class=\"attachment-full size-full wp-image-508\" alt=\"Sunset wedding ceremony arch with flower decoration and blue cloth canopy hanging on big tree\" srcset=\"https:\/\/eljardindecamas.com\/wp-content\/uploads\/2025\/05\/sunset-wedding-ceremony-arch-with-flower-decoration-and-blue-cloth-canopy-hanging-on-big-tree.jpg 2000w, https:\/\/eljardindecamas.com\/wp-content\/uploads\/2025\/05\/sunset-wedding-ceremony-arch-with-flower-decoration-and-blue-cloth-canopy-hanging-on-big-tree-300x200.jpg 300w, https:\/\/eljardindecamas.com\/wp-content\/uploads\/2025\/05\/sunset-wedding-ceremony-arch-with-flower-decoration-and-blue-cloth-canopy-hanging-on-big-tree-1024x682.jpg 1024w, https:\/\/eljardindecamas.com\/wp-content\/uploads\/2025\/05\/sunset-wedding-ceremony-arch-with-flower-decoration-and-blue-cloth-canopy-hanging-on-big-tree-768x512.jpg 768w, https:\/\/eljardindecamas.com\/wp-content\/uploads\/2025\/05\/sunset-wedding-ceremony-arch-with-flower-decoration-and-blue-cloth-canopy-hanging-on-big-tree-1536x1024.jpg 1536w, https:\/\/eljardindecamas.com\/wp-content\/uploads\/2025\/05\/sunset-wedding-ceremony-arch-with-flower-decoration-and-blue-cloth-canopy-hanging-on-big-tree-18x12.jpg 18w, https:\/\/eljardindecamas.com\/wp-content\/uploads\/2025\/05\/sunset-wedding-ceremony-arch-with-flower-decoration-and-blue-cloth-canopy-hanging-on-big-tree-600x400.jpg 600w\" sizes=\"(max-width: 2000px) 100vw, 2000px\" \/><\/figure><div class=\"elementor-image-box-content\"><p class=\"elementor-image-box-description\">Flores de tela\n<\/p><\/div><\/div>\t\t\t\t<\/div>\n\t\t\t\t<\/div>\n\t\t\t\t<\/div>\n\t\t\t\t\t<\/div>\n\t\t\t\t<\/div>\n\t\t<div class=\"elementor-element elementor-element-fb2cb43 e-flex e-con-boxed e-con e-parent\" data-id=\"fb2cb43\" data-element_type=\"container\" data-e-type=\"container\" data-settings=\"{&quot;background_background&quot;:&quot;classic&quot;}\">\n\t\t\t\t\t<div class=\"e-con-inner\">\n\t\t<div class=\"elementor-element elementor-element-ef3763a e-con-full e-flex e-con e-child\" data-id=\"ef3763a\" data-element_type=\"container\" data-e-type=\"container\">\n\t\t\t\t<div class=\"elementor-element elementor-element-fbb9813 elementor-invisible elementor-widget elementor-widget-heading\" data-id=\"fbb9813\" data-element_type=\"widget\" data-e-type=\"widget\" data-settings=\"{&quot;_animation&quot;:&quot;fadeInLeft&quot;}\" data-widget_type=\"heading.default\">\n\t\t\t\t<div class=\"elementor-widget-container\">\n\t\t\t\t\t<h2 class=\"elementor-heading-title elementor-size-default\">Conf\u00eda en nosotros para hacer tus momentos \u00fanicos<\/h2>\t\t\t\t<\/div>\n\t\t\t\t<\/div>\n\t\t\t\t<div class=\"elementor-element elementor-element-5d4c53b elementor-align-center elementor-button-info elementor-invisible elementor-widget elementor-widget-button\" data-id=\"5d4c53b\" data-element_type=\"widget\" data-e-type=\"widget\" data-settings=\"{&quot;_animation&quot;:&quot;fadeInLeft&quot;}\" data-widget_type=\"button.default\">\n\t\t\t\t<div class=\"elementor-widget-container\">\n\t\t\t\t\t\t\t\t\t<div class=\"elementor-button-wrapper\">\n\t\t\t\t\t<a class=\"elementor-button elementor-button-link elementor-size-sm\" href=\"https:\/\/eljardindecamas.com\/en\/contacto\/\">\n\t\t\t\t\t\t<span class=\"elementor-button-content-wrapper\">\n\t\t\t\t\t\t\t\t\t<span class=\"elementor-button-text\">Llamanos<\/span>\n\t\t\t\t\t<\/span>\n\t\t\t\t\t<\/a>\n\t\t\t\t<\/div>\n\t\t\t\t\t\t\t\t<\/div>\n\t\t\t\t<\/div>\n\t\t\t\t<\/div>\n\t\t\t\t\t<\/div>\n\t\t\t\t<\/div>\n\t\t\t\t<\/div>","protected":false},"excerpt":{"rendered":"<p>Qui\u00e9nes Somos Desde su fundaci\u00f3n en 1987, nuestra florister\u00eda ha estado al servicio de quienes buscan expresar sentimientos a trav\u00e9s del lenguaje sutil y elegante de las flores. Con una trayectoria de m\u00e1s de tres d\u00e9cadas, nos hemos consolidado como referentes en el arte del exorno floral, ofreciendo composiciones para ocasiones que exigen sensibilidad, respeto [&hellip;]<\/p>\n","protected":false},"author":2,"featured_media":0,"parent":0,"menu_order":0,"comment_status":"closed","ping_status":"closed","template":"elementor_canvas","meta":{"footnotes":""},"class_list":["post-19","page","type-page","status-publish","hentry"],"yoast_head":"<!-- This site is optimized with the Yoast SEO plugin v27.5 - https:\/\/yoast.com\/product\/yoast-seo-wordpress\/ -->\n<title>Inicio - El Jardin de Camas<\/title>\n<meta name=\"robots\" content=\"index, follow, max-snippet:-1, max-image-preview:large, max-video-preview:-1\" \/>\n<link rel=\"canonical\" href=\"https:\/\/eljardindecamas.com\/en\/\" \/>\n<meta property=\"og:locale\" content=\"en_US\" \/>\n<meta property=\"og:type\" content=\"article\" \/>\n<meta property=\"og:title\" content=\"Inicio - El Jardin de Camas\" \/>\n<meta property=\"og:description\" content=\"Qui\u00e9nes Somos Desde su fundaci\u00f3n en 1987, nuestra florister\u00eda ha estado al servicio de quienes buscan expresar sentimientos a trav\u00e9s del lenguaje sutil y elegante de las flores. Con una trayectoria de m\u00e1s de tres d\u00e9cadas, nos hemos consolidado como referentes en el arte del exorno floral, ofreciendo composiciones para ocasiones que exigen sensibilidad, respeto [&hellip;]\" \/>\n<meta property=\"og:url\" content=\"https:\/\/eljardindecamas.com\/en\/\" \/>\n<meta property=\"og:site_name\" content=\"El Jardin de Camas\" \/>\n<meta property=\"article:modified_time\" content=\"2025-05-07T13:54:59+00:00\" \/>\n<meta property=\"og:image\" content=\"https:\/\/eljardindecamas.com\/wp-content\/uploads\/2025\/05\/beautiful-luxury-bouquet-of-flowers.jpg\" \/>\n<meta name=\"twitter:card\" content=\"summary_large_image\" \/>\n<meta name=\"twitter:label1\" content=\"Est. reading time\" \/>\n\t<meta name=\"twitter:data1\" content=\"2 minutes\" \/>\n<script type=\"application\/ld+json\" class=\"yoast-schema-graph\">{\"@context\":\"https:\\\/\\\/schema.org\",\"@graph\":[{\"@type\":\"WebPage\",\"@id\":\"https:\\\/\\\/eljardindecamas.com\\\/\",\"url\":\"https:\\\/\\\/eljardindecamas.com\\\/\",\"name\":\"Inicio - El Jardin de Camas\",\"isPartOf\":{\"@id\":\"https:\\\/\\\/eljardindecamas.com\\\/#website\"},\"primaryImageOfPage\":{\"@id\":\"https:\\\/\\\/eljardindecamas.com\\\/#primaryimage\"},\"image\":{\"@id\":\"https:\\\/\\\/eljardindecamas.com\\\/#primaryimage\"},\"thumbnailUrl\":\"https:\\\/\\\/eljardindecamas.com\\\/wp-content\\\/uploads\\\/2025\\\/05\\\/beautiful-luxury-bouquet-of-flowers.jpg\",\"datePublished\":\"2025-04-23T10:21:31+00:00\",\"dateModified\":\"2025-05-07T13:54:59+00:00\",\"breadcrumb\":{\"@id\":\"https:\\\/\\\/eljardindecamas.com\\\/#breadcrumb\"},\"inLanguage\":\"en-US\",\"potentialAction\":[{\"@type\":\"ReadAction\",\"target\":[\"https:\\\/\\\/eljardindecamas.com\\\/\"]}]},{\"@type\":\"ImageObject\",\"inLanguage\":\"en-US\",\"@id\":\"https:\\\/\\\/eljardindecamas.com\\\/#primaryimage\",\"url\":\"https:\\\/\\\/eljardindecamas.com\\\/wp-content\\\/uploads\\\/2025\\\/05\\\/beautiful-luxury-bouquet-of-flowers.jpg\",\"contentUrl\":\"https:\\\/\\\/eljardindecamas.com\\\/wp-content\\\/uploads\\\/2025\\\/05\\\/beautiful-luxury-bouquet-of-flowers.jpg\"},{\"@type\":\"BreadcrumbList\",\"@id\":\"https:\\\/\\\/eljardindecamas.com\\\/#breadcrumb\",\"itemListElement\":[{\"@type\":\"ListItem\",\"position\":1,\"name\":\"Portada\",\"item\":\"https:\\\/\\\/eljardindecamas.com\\\/\"},{\"@type\":\"ListItem\",\"position\":2,\"name\":\"Inicio\"}]},{\"@type\":\"WebSite\",\"@id\":\"https:\\\/\\\/eljardindecamas.com\\\/#website\",\"url\":\"https:\\\/\\\/eljardindecamas.com\\\/\",\"name\":\"El Jardin de Camas\",\"description\":\"Decoraci\u00f3n floral \",\"publisher\":{\"@id\":\"https:\\\/\\\/eljardindecamas.com\\\/#organization\"},\"potentialAction\":[{\"@type\":\"SearchAction\",\"target\":{\"@type\":\"EntryPoint\",\"urlTemplate\":\"https:\\\/\\\/eljardindecamas.com\\\/?s={search_term_string}\"},\"query-input\":{\"@type\":\"PropertyValueSpecification\",\"valueRequired\":true,\"valueName\":\"search_term_string\"}}],\"inLanguage\":\"en-US\"},{\"@type\":\"Organization\",\"@id\":\"https:\\\/\\\/eljardindecamas.com\\\/#organization\",\"name\":\"El Jardin de Camas\",\"url\":\"https:\\\/\\\/eljardindecamas.com\\\/\",\"logo\":{\"@type\":\"ImageObject\",\"inLanguage\":\"en-US\",\"@id\":\"https:\\\/\\\/eljardindecamas.com\\\/#\\\/schema\\\/logo\\\/image\\\/\",\"url\":\"https:\\\/\\\/eljardindecamas.com\\\/wp-content\\\/uploads\\\/2025\\\/04\\\/cropped-Diseno-sin-titulo.png\",\"contentUrl\":\"https:\\\/\\\/eljardindecamas.com\\\/wp-content\\\/uploads\\\/2025\\\/04\\\/cropped-Diseno-sin-titulo.png\",\"width\":500,\"height\":143,\"caption\":\"El Jardin de Camas\"},\"image\":{\"@id\":\"https:\\\/\\\/eljardindecamas.com\\\/#\\\/schema\\\/logo\\\/image\\\/\"}}]}<\/script>\n<!-- \/ Yoast SEO plugin. -->","yoast_head_json":{"title":"Inicio - El Jardin de Camas","robots":{"index":"index","follow":"follow","max-snippet":"max-snippet:-1","max-image-preview":"max-image-preview:large","max-video-preview":"max-video-preview:-1"},"canonical":"https:\/\/eljardindecamas.com\/en\/","og_locale":"en_US","og_type":"article","og_title":"Inicio - El Jardin de Camas","og_description":"Qui\u00e9nes Somos Desde su fundaci\u00f3n en 1987, nuestra florister\u00eda ha estado al servicio de quienes buscan expresar sentimientos a trav\u00e9s del lenguaje sutil y elegante de las flores. Con una trayectoria de m\u00e1s de tres d\u00e9cadas, nos hemos consolidado como referentes en el arte del exorno floral, ofreciendo composiciones para ocasiones que exigen sensibilidad, respeto [&hellip;]","og_url":"https:\/\/eljardindecamas.com\/en\/","og_site_name":"El Jardin de Camas","article_modified_time":"2025-05-07T13:54:59+00:00","og_image":[{"url":"https:\/\/eljardindecamas.com\/wp-content\/uploads\/2025\/05\/beautiful-luxury-bouquet-of-flowers.jpg","type":"","width":"","height":""}],"twitter_card":"summary_large_image","twitter_misc":{"Est. reading time":"2 minutes"},"schema":{"@context":"https:\/\/schema.org","@graph":[{"@type":"WebPage","@id":"https:\/\/eljardindecamas.com\/","url":"https:\/\/eljardindecamas.com\/","name":"Inicio - El Jardin de Camas","isPartOf":{"@id":"https:\/\/eljardindecamas.com\/#website"},"primaryImageOfPage":{"@id":"https:\/\/eljardindecamas.com\/#primaryimage"},"image":{"@id":"https:\/\/eljardindecamas.com\/#primaryimage"},"thumbnailUrl":"https:\/\/eljardindecamas.com\/wp-content\/uploads\/2025\/05\/beautiful-luxury-bouquet-of-flowers.jpg","datePublished":"2025-04-23T10:21:31+00:00","dateModified":"2025-05-07T13:54:59+00:00","breadcrumb":{"@id":"https:\/\/eljardindecamas.com\/#breadcrumb"},"inLanguage":"en-US","potentialAction":[{"@type":"ReadAction","target":["https:\/\/eljardindecamas.com\/"]}]},{"@type":"ImageObject","inLanguage":"en-US","@id":"https:\/\/eljardindecamas.com\/#primaryimage","url":"https:\/\/eljardindecamas.com\/wp-content\/uploads\/2025\/05\/beautiful-luxury-bouquet-of-flowers.jpg","contentUrl":"https:\/\/eljardindecamas.com\/wp-content\/uploads\/2025\/05\/beautiful-luxury-bouquet-of-flowers.jpg"},{"@type":"BreadcrumbList","@id":"https:\/\/eljardindecamas.com\/#breadcrumb","itemListElement":[{"@type":"ListItem","position":1,"name":"Portada","item":"https:\/\/eljardindecamas.com\/"},{"@type":"ListItem","position":2,"name":"Inicio"}]},{"@type":"WebSite","@id":"https:\/\/eljardindecamas.com\/#website","url":"https:\/\/eljardindecamas.com\/","name":"El Jardin de Camas","description":"Decoraci\u00f3n floral","publisher":{"@id":"https:\/\/eljardindecamas.com\/#organization"},"potentialAction":[{"@type":"SearchAction","target":{"@type":"EntryPoint","urlTemplate":"https:\/\/eljardindecamas.com\/?s={search_term_string}"},"query-input":{"@type":"PropertyValueSpecification","valueRequired":true,"valueName":"search_term_string"}}],"inLanguage":"en-US"},{"@type":"Organization","@id":"https:\/\/eljardindecamas.com\/#organization","name":"El Jardin de Camas","url":"https:\/\/eljardindecamas.com\/","logo":{"@type":"ImageObject","inLanguage":"en-US","@id":"https:\/\/eljardindecamas.com\/#\/schema\/logo\/image\/","url":"https:\/\/eljardindecamas.com\/wp-content\/uploads\/2025\/04\/cropped-Diseno-sin-titulo.png","contentUrl":"https:\/\/eljardindecamas.com\/wp-content\/uploads\/2025\/04\/cropped-Diseno-sin-titulo.png","width":500,"height":143,"caption":"El Jardin de Camas"},"image":{"@id":"https:\/\/eljardindecamas.com\/#\/schema\/logo\/image\/"}}]}},"jetpack_sharing_enabled":true,"_links":{"self":[{"href":"https:\/\/eljardindecamas.com\/en\/wp-json\/wp\/v2\/pages\/19","targetHints":{"allow":["GET"]}}],"collection":[{"href":"https:\/\/eljardindecamas.com\/en\/wp-json\/wp\/v2\/pages"}],"about":[{"href":"https:\/\/eljardindecamas.com\/en\/wp-json\/wp\/v2\/types\/page"}],"author":[{"embeddable":true,"href":"https:\/\/eljardindecamas.com\/en\/wp-json\/wp\/v2\/users\/2"}],"replies":[{"embeddable":true,"href":"https:\/\/eljardindecamas.com\/en\/wp-json\/wp\/v2\/comments?post=19"}],"version-history":[{"count":71,"href":"https:\/\/eljardindecamas.com\/en\/wp-json\/wp\/v2\/pages\/19\/revisions"}],"predecessor-version":[{"id":600,"href":"https:\/\/eljardindecamas.com\/en\/wp-json\/wp\/v2\/pages\/19\/revisions\/600"}],"wp:attachment":[{"href":"https:\/\/eljardindecamas.com\/en\/wp-json\/wp\/v2\/media?parent=19"}],"curies":[{"name":"wp","href":"https:\/\/api.w.org\/{rel}","templated":true}]}}